{"id":70,"date":"2023-12-21T10:38:27","date_gmt":"2023-12-21T10:38:27","guid":{"rendered":"https:\/\/szelloztetogep.hu\/?page_id=70"},"modified":"2026-02-01T14:03:00","modified_gmt":"2026-02-01T14:03:00","slug":"informaciok-kapcsolat","status":"publish","type":"page","link":"https:\/\/szelloztetogep.hu\/index.php\/informaciok-kapcsolat\/","title":{"rendered":"Kapcsolat &amp; Inform\u00e1ci\u00f3k"},"content":{"rendered":"\n<h1 class=\"wp-block-heading\"> \ud83d\udc4b Seg\u00edt\u00fcnk a megval\u00f3s\u00edt\u00e1sban!<\/h1>\n\n\n\n<p>K\u00f6sz\u00f6nj\u00fck, hogy ell\u00e1togatott tud\u00e1st\u00e1runkba. Legyen sz\u00f3 tervez\u00e9sr\u0151l, v\u00e1s\u00e1rl\u00e1sr\u00f3l vagy szakmai k\u00e9rd\u00e9sekr\u0151l, az al\u00e1bbi csatorn\u00e1kon kereszt\u00fcl \u00e1llunk rendelkez\u00e9s\u00e9re.<\/p>\n\n\n\n<hr class=\"wp-block-separator has-alpha-channel-opacity\"\/>\n\n\n\n<h3 class=\"wp-block-heading\">\ud83d\uded2 Webshop \u00e9s Aj\u00e1nlatk\u00e9r\u00e9s<\/h3>\n\n\n\n<p>Itt szerezheti be a sz\u00fcks\u00e9ges eszk\u00f6z\u00f6ket \u00e9s k\u00e9rhet pontos kalkul\u00e1ci\u00f3t a rendszer\u00e9re:<\/p>\n\n\n\n<ul class=\"wp-block-list\">\n<li>\ud83d\udd34 <strong><a href=\"https:\/\/hoval.kozpontiszelloztetes.hu\" target=\"_blank\" rel=\"noreferrer noopener\">Hoval Szell\u0151ztet\u0151 G\u00e9pek<\/a><\/strong> \u2013 Pr\u00e9mium h\u0151visszanyer\u0151s g\u00e9pek \u00e9s egyedi aj\u00e1nlatk\u00e9r\u00e9s.<\/li>\n\n\n\n<li>\ud83d\udd35 <strong><a href=\"https:\/\/ubbink.kozpontiszelloztetes.hu\" target=\"_blank\" rel=\"noreferrer noopener\">Ubbink L\u00e9gcsatorna Webshop<\/a><\/strong> \u2013 Komplett cs\u0151rendszerek, kieg\u00e9sz\u00edt\u0151k \u00e9s online v\u00e1s\u00e1rl\u00e1s.<\/li>\n\n\n\n<li>\ud83c\udfe2 <strong><a href=\"https:\/\/kozpontiszelloztetes.hu\" target=\"_blank\" rel=\"noreferrer noopener\">K\u00f6zpontiSzell\u0151ztet\u00e9s.hu<\/a><\/strong> \u2013 Minden inform\u00e1ci\u00f3 a v\u00e1llalkoz\u00e1sunkr\u00f3l, szakmai h\u00e1tter\u00fcnkr\u0151l \u00e9s el\u00e9rhet\u0151s\u00e9geinkr\u0151l.<\/li>\n<\/ul>\n\n\n\n<hr class=\"wp-block-separator has-alpha-channel-opacity\"\/>\n\n\n\n<h3 class=\"wp-block-heading\">\ud83c\udfa5 Tanuljon vide\u00f3inkb\u00f3l \u00e9s k\u00e9rdezzen!<\/h3>\n\n\n\n<p>A k\u00f6z\u00f6ss\u00e9gi m\u00e9dia fel\u00fcleteinken nemcsak elm\u00e9leti tud\u00e1st, hanem gyakorlati fog\u00e1sokat is mutatunk:<\/p>\n\n\n\n<ul class=\"wp-block-list\">\n<li>\ud83d\udcfa <strong><a href=\"https:\/\/www.youtube.com\/@Szell%C5%91ztess%C3%BCnk\">Youtube csatorn\u00e1nk<\/a><\/strong> \u2013 Iratkozzon fel a legfrissebb g\u00e9pbemutat\u00f3k\u00e9rt \u00e9s szerel\u00e9si tippek\u00e9rt!<\/li>\n\n\n\n<li>\ud83d\udcac <strong>K\u00e9rd\u00e9se van?<\/strong> Tegye fel b\u00e1tran a ebben a  <strong>YouTube vide\u00f3nk<\/strong> alatt kommentben \u2013 amint lesz id\u0151nk k\u00e9sz\u00edt\u00fcnk egy vide\u00f3t a v\u00e1laszr\u00f3l, hogy mindenki tanuljon bel\u0151le.<\/li>\n\n\n\n<li>\ud83d\udcf1 <strong><a href=\"https:\/\/www.facebook.com\/KozpontiSzelloztetes\" target=\"_blank\" rel=\"noreferrer noopener\">Facebook oldalunk<\/a><\/strong> \u2013 H\u00edrek, aktualit\u00e1sok \u00e9s napi \u00e9rdekess\u00e9gek a szell\u0151ztet\u00e9s vil\u00e1g\u00e1b\u00f3l.<\/li>\n\n\n\n<li>\ud83d\udcf8 <strong><a href=\"https:\/\/www.instagram.com\/szelloztetes\/\" target=\"_blank\" rel=\"noreferrer noopener\">Instagram oldalunk<\/a><\/strong> \u2013 Pillantson be a kulissz\u00e1k m\u00f6g\u00e9, \u00e9s n\u00e9zze meg k\u00e9sz\u00fcl\u0151 munk\u00e1inkat.<\/li>\n<\/ul>\n\n\n\n<hr class=\"wp-block-separator has-alpha-channel-opacity\"\/>\n\n\n\n<h3 class=\"wp-block-heading\">\ud83d\udccd C\u00e9gadatok \u00e9s El\u00e9rhet\u0151s\u00e9g<\/h3>\n\n\n\n<p>R\u00e9szletes c\u00e9ginform\u00e1ci\u00f3k\u00e9rt, telefonos vagy e-mailes el\u00e9rhet\u0151s\u00e9g\u00fcnk\u00e9rt, k\u00e9rj\u00fck, l\u00e1togasson el a k\u00f6zponti oldalunkra: \ud83d\udc49 <strong><a target=\"_blank\" rel=\"noreferrer noopener\" href=\"https:\/\/kozpontiszelloztetes.hu\">Kattintson ide a kapcsolatfelv\u00e9telhez<\/a><\/strong><\/p>\n\n\n\n<hr class=\"wp-block-separator has-alpha-channel-opacity\"\/>\n\n\n\n<h3 class=\"wp-block-heading\"><\/h3>\n","protected":false},"excerpt":{"rendered":"<p>\ud83d\udc4b Seg\u00edt\u00fcnk a megval\u00f3s\u00edt\u00e1sban! K\u00f6sz\u00f6nj\u00fck, hogy ell\u00e1togatott tud\u00e1st\u00e1runkba. Legyen sz\u00f3 tervez\u00e9sr\u0151l, v\u00e1s\u00e1rl\u00e1sr\u00f3l vagy szakmai k\u00e9rd\u00e9sekr\u0151l, az al\u00e1bbi csatorn\u00e1kon kereszt\u00fcl \u00e1llunk rendelkez\u00e9s\u00e9re. \ud83d\uded2 Webshop \u00e9s Aj\u00e1nlatk\u00e9r\u00e9s Itt szerezheti be a sz\u00fcks\u00e9ges eszk\u00f6z\u00f6ket \u00e9s k\u00e9rhet pontos kalkul\u00e1ci\u00f3t a rendszer\u00e9re: \ud83c\udfa5 Tanuljon vide\u00f3inkb\u00f3l \u00e9s k\u00e9rdezzen! A k\u00f6z\u00f6ss\u00e9gi m\u00e9dia fel\u00fcleteinken nemcsak elm\u00e9leti tud\u00e1st, hanem gyakorlati fog\u00e1sokat is mutatunk: \ud83d\udccd [&hellip;]<\/p>\n","protected":false},"author":1,"featured_media":0,"parent":0,"menu_order":0,"comment_status":"closed","ping_status":"closed","template":"","meta":{"footnotes":""},"class_list":["post-70","page","type-page","status-publish","hentry"],"_links":{"self":[{"href":"https:\/\/szelloztetogep.hu\/index.php\/wp-json\/wp\/v2\/pages\/70","targetHints":{"allow":["GET"]}}],"collection":[{"href":"https:\/\/szelloztetogep.hu\/index.php\/wp-json\/wp\/v2\/pages"}],"about":[{"href":"https:\/\/szelloztetogep.hu\/index.php\/wp-json\/wp\/v2\/types\/page"}],"author":[{"embeddable":true,"href":"https:\/\/szelloztetogep.hu\/index.php\/wp-json\/wp\/v2\/users\/1"}],"replies":[{"embeddable":true,"href":"https:\/\/szelloztetogep.hu\/index.php\/wp-json\/wp\/v2\/comments?post=70"}],"version-history":[{"count":7,"href":"https:\/\/szelloztetogep.hu\/index.php\/wp-json\/wp\/v2\/pages\/70\/revisions"}],"predecessor-version":[{"id":237,"href":"https:\/\/szelloztetogep.hu\/index.php\/wp-json\/wp\/v2\/pages\/70\/revisions\/237"}],"wp:attachment":[{"href":"https:\/\/szelloztetogep.hu\/index.php\/wp-json\/wp\/v2\/media?parent=70"}],"curies":[{"name":"wp","href":"https:\/\/api.w.org\/{rel}","templated":true}]}}